{"id":10,"date":"2024-03-28T15:35:11","date_gmt":"2024-03-28T15:35:11","guid":{"rendered":"https:\/\/magtechs.com\/?page_id=10"},"modified":"2024-06-09T06:43:28","modified_gmt":"2024-06-09T06:43:28","slug":"about-us","status":"publish","type":"page","link":"https:\/\/magtechs.com\/pt\/about-us\/","title":{"rendered":"Sobre N\u00f3s"},"content":{"rendered":"<div data-elementor-type=\"wp-page\" data-elementor-id=\"10\" class=\"elementor elementor-10\" data-elementor-post-type=\"page\">\n\t\t\t\t<div class=\"elementor-element elementor-element-3927482 e-con-full e-flex e-con e-parent\" data-id=\"3927482\" data-element_type=\"container\">\n\t\t\t\t<div class=\"elementor-element elementor-element-1d7ba03 elementor-widget elementor-widget-image\" data-id=\"1d7ba03\" data-element_type=\"widget\" data-widget_type=\"image.default\">\n\t\t\t\t<div class=\"elementor-widget-container\">\n\t\t\t<style>\/*! elementor - v3.21.0 - 26-05-2024 *\/\n.elementor-widget-image{text-align:center}.elementor-widget-image a{display:inline-block}.elementor-widget-image a img[src$=\".svg\"]{width:48px}.elementor-widget-image img{vertical-align:middle;display:inline-block}<\/style>\t\t\t\t\t\t\t\t\t\t<img fetchpriority=\"high\" decoding=\"async\" width=\"1920\" height=\"499\" src=\"https:\/\/magtechs.com\/wp-content\/uploads\/2024\/06\/hero-service.jpg\" class=\"attachment-full size-full wp-image-673\" alt=\"\" srcset=\"https:\/\/magtechs.com\/wp-content\/uploads\/2024\/06\/hero-service.jpg 1920w, https:\/\/magtechs.com\/wp-content\/uploads\/2024\/06\/hero-service-300x78.jpg 300w, https:\/\/magtechs.com\/wp-content\/uploads\/2024\/06\/hero-service-1024x266.jpg 1024w, https:\/\/magtechs.com\/wp-content\/uploads\/2024\/06\/hero-service-768x200.jpg 768w, https:\/\/magtechs.com\/wp-content\/uploads\/2024\/06\/hero-service-1536x399.jpg 1536w\" sizes=\"(max-width: 1920px) 100vw, 1920px\" \/>\t\t\t\t\t\t\t\t\t\t\t\t\t<\/div>\n\t\t\t\t<\/div>\n\t\t\t\t<div class=\"elementor-element elementor-element-902c2cc elementor-absolute e-transform elementor-widget elementor-widget-heading\" data-id=\"902c2cc\" data-element_type=\"widget\" data-settings=\"{&quot;_position&quot;:&quot;absolute&quot;,&quot;_transform_translateX_effect&quot;:{&quot;unit&quot;:&quot;%&quot;,&quot;size&quot;:-50,&quot;sizes&quot;:[]},&quot;_transform_translateX_effect_tablet&quot;:{&quot;unit&quot;:&quot;%&quot;,&quot;size&quot;:&quot;&quot;,&quot;sizes&quot;:[]},&quot;_transform_translateX_effect_mobile&quot;:{&quot;unit&quot;:&quot;%&quot;,&quot;size&quot;:&quot;&quot;,&quot;sizes&quot;:[]},&quot;_transform_translateY_effect&quot;:{&quot;unit&quot;:&quot;%&quot;,&quot;size&quot;:-50,&quot;sizes&quot;:[]},&quot;_transform_translateY_effect_tablet&quot;:{&quot;unit&quot;:&quot;%&quot;,&quot;size&quot;:&quot;&quot;,&quot;sizes&quot;:[]},&quot;_transform_translateY_effect_mobile&quot;:{&quot;unit&quot;:&quot;%&quot;,&quot;size&quot;:&quot;&quot;,&quot;sizes&quot;:[]},&quot;_transform_translateX_effect_laptop&quot;:{&quot;unit&quot;:&quot;px&quot;,&quot;size&quot;:&quot;&quot;,&quot;sizes&quot;:[]},&quot;_transform_translateX_effect_tablet_extra&quot;:{&quot;unit&quot;:&quot;px&quot;,&quot;size&quot;:&quot;&quot;,&quot;sizes&quot;:[]},&quot;_transform_translateY_effect_laptop&quot;:{&quot;unit&quot;:&quot;px&quot;,&quot;size&quot;:&quot;&quot;,&quot;sizes&quot;:[]},&quot;_transform_translateY_effect_tablet_extra&quot;:{&quot;unit&quot;:&quot;px&quot;,&quot;size&quot;:&quot;&quot;,&quot;sizes&quot;:[]}}\" data-widget_type=\"heading.default\">\n\t\t\t\t<div class=\"elementor-widget-container\">\n\t\t\t<style>\/*! elementor - v3.21.0 - 26-05-2024 *\/\n.elementor-heading-title{padding:0;margin:0;line-height:1}.elementor-widget-heading .elementor-heading-title[class*=elementor-size-]>a{color:inherit;font-size:inherit;line-height:inherit}.elementor-widget-heading .elementor-heading-title.elementor-size-small{font-size:15px}.elementor-widget-heading .elementor-heading-title.elementor-size-medium{font-size:19px}.elementor-widget-heading .elementor-heading-title.elementor-size-large{font-size:29px}.elementor-widget-heading .elementor-heading-title.elementor-size-xl{font-size:39px}.elementor-widget-heading .elementor-heading-title.elementor-size-xxl{font-size:59px}<\/style><h1 class=\"elementor-heading-title elementor-size-default\">SOBRE N\u00d3S<\/h1>\t\t<\/div>\n\t\t\t\t<\/div>\n\t\t\t\t<\/div>\n\t\t<div class=\"elementor-element elementor-element-63cd2dc e-flex e-con-boxed e-con e-parent\" data-id=\"63cd2dc\" data-element_type=\"container\" data-settings=\"{&quot;background_background&quot;:&quot;classic&quot;}\">\n\t\t\t\t\t<div class=\"e-con-inner\">\n\t\t\t\t<div class=\"elementor-element elementor-element-1ec66ef elementor-widget__width-inherit double-title elementor-widget elementor-widget-heading\" data-id=\"1ec66ef\" data-element_type=\"widget\" data-widget_type=\"heading.default\">\n\t\t\t\t<div class=\"elementor-widget-container\">\n\t\t\t<h2 class=\"elementor-heading-title elementor-size-default\">MAG <b>TECHS<\/b><\/h2>\t\t<\/div>\n\t\t\t\t<\/div>\n\t\t\t\t<div class=\"elementor-element elementor-element-9491ae5 elementor-widget elementor-widget-text-editor\" data-id=\"9491ae5\" data-element_type=\"widget\" data-widget_type=\"text-editor.default\">\n\t\t\t\t<div class=\"elementor-widget-container\">\n\t\t\t<style>\/*! elementor - v3.21.0 - 26-05-2024 *\/\n.elementor-widget-text-editor.elementor-drop-cap-view-stacked .elementor-drop-cap{background-color:#69727d;color:#fff}.elementor-widget-text-editor.elementor-drop-cap-view-framed .elementor-drop-cap{color:#69727d;border:3px solid;background-color:transparent}.elementor-widget-text-editor:not(.elementor-drop-cap-view-default) .elementor-drop-cap{margin-top:8px}.elementor-widget-text-editor:not(.elementor-drop-cap-view-default) .elementor-drop-cap-letter{width:1em;height:1em}.elementor-widget-text-editor .elementor-drop-cap{float:left;text-align:center;line-height:1;font-size:50px}.elementor-widget-text-editor .elementor-drop-cap-letter{display:inline-block}<\/style>\t\t\t\t<p>Fortale\u00e7a Sua Defesa com a MAG Tech: Liderando a Excel\u00eancia em Ciberseguran\u00e7a nos \u00faltimos 22 anos na \u00c1frica.<\/p>\n<p>Lideramos a linha de frente da defesa cibern\u00e9tica, oferecendo estrat\u00e9gias e servi\u00e7os de prote\u00e7\u00e3o inigual\u00e1veis a organiza\u00e7\u00f5es e governos. Por meio de simula\u00e7\u00f5es de treinamento inovadoras e solu\u00e7\u00f5es tecnol\u00f3gicas de ponta, fornecemos aos nossos clientes as ferramentas proativas necess\u00e1rias para se protegerem contra a paisagem de amea\u00e7as cibern\u00e9ticas em constante evolu\u00e7\u00e3o.<\/p>\n<p>Nossa abordagem \u00e9 baseada em um profundo entendimento das fun\u00e7\u00f5es espec\u00edficas do setor e ativos cr\u00edticos. Priorizamos a prote\u00e7\u00e3o de prioridades estaduais e empresariais, abrangendo capital humano, infraestrutura f\u00edsica e as camadas intrincadas da cadeia de suprimentos. Como seu parceiro de defesa dedicado, analisamos a seguran\u00e7a atrav\u00e9s da lente das amea\u00e7as cibern\u00e9ticas mais sofisticadas, proporcionando \u00e0s organiza\u00e7\u00f5es uma robusta fortifica\u00e7\u00e3o digital.<\/p>\n<p>Com um legado enraizado em opera\u00e7\u00f5es cibern\u00e9ticas internacionais e defesa local, a MAG Tech conta com uma equipe de profissionais experientes com comprovada expertise em ciberseguran\u00e7a. Nossos veteranos trazem um refinamento t\u00e1tico aprimorado atrav\u00e9s do gerenciamento de incidentes em tempo real, traduzindo-se em servi\u00e7os de resili\u00eancia cibern\u00e9tica sob medida e solu\u00e7\u00f5es adaptadas \u00e0s necessidades \u00fanicas de cada setor que atendemos.<\/p>\n<p>Una-se \u00e0 MAG Tech para uma alian\u00e7a que n\u00e3o apenas compreende o campo de batalha digital, mas o comanda, garantindo sua seguran\u00e7a operacional na era cibern\u00e9tica e al\u00e9m.<\/p>\t\t\t\t\t\t<\/div>\n\t\t\t\t<\/div>\n\t\t\t\t<div class=\"elementor-element elementor-element-dc7d1d3 elementor-widget elementor-widget-heading\" data-id=\"dc7d1d3\" data-element_type=\"widget\" data-widget_type=\"heading.default\">\n\t\t\t\t<div class=\"elementor-widget-container\">\n\t\t\t<h2 class=\"elementor-heading-title elementor-size-default\">Sua Marca Importa<\/h2>\t\t<\/div>\n\t\t\t\t<\/div>\n\t\t\t\t<div class=\"elementor-element elementor-element-bcbe676 elementor-widget elementor-widget-text-editor\" data-id=\"bcbe676\" data-element_type=\"widget\" data-widget_type=\"text-editor.default\">\n\t\t\t\t<div class=\"elementor-widget-container\">\n\t\t\t\t\t\t\t<p>Experimente a diferen\u00e7a MAG: Onde sua seguran\u00e7a digital \u00e9 nossa maior preocupa\u00e7\u00e3o, pavimentando o caminho para um futuro digital seguro. Nossa miss\u00e3o \u00e9 fortalecer sua presen\u00e7a digital com servi\u00e7os de seguran\u00e7a de primeira linha, incluindo monitoramento cibern\u00e9tico sob medida, abrangendo intelig\u00eancia cibern\u00e9tica personalizada, e transformando o terreno digital din\u00e2mico com confian\u00e7a e tranquilidade.<\/p><p>Com uma equipe de especialistas diversos em nosso n\u00facleo, antecipamos e contrariamos amea\u00e7as cibern\u00e9ticas com habilidade, garantindo que voc\u00ea possa navegar na paisagem digital em constante evolu\u00e7\u00e3o com facilidade e seguran\u00e7a.\u00a0<\/p>\t\t\t\t\t\t<\/div>\n\t\t\t\t<\/div>\n\t\t\t\t\t<\/div>\n\t\t\t\t<\/div>\n\t\t<div class=\"elementor-element elementor-element-cb26d17 e-con-full e-flex e-con e-parent\" data-id=\"cb26d17\" data-element_type=\"container\">\n\t\t\t\t<div class=\"elementor-element elementor-element-fb28a37 elementor-widget__width-inherit double-title elementor-widget elementor-widget-heading\" data-id=\"fb28a37\" data-element_type=\"widget\" data-widget_type=\"heading.default\">\n\t\t\t\t<div class=\"elementor-widget-container\">\n\t\t\t<h2 class=\"elementor-heading-title elementor-size-default\">EXPERTISE &amp; <b>EXPERI\u00caNCIA<\/b><\/h2>\t\t<\/div>\n\t\t\t\t<\/div>\n\t\t\t\t<div class=\"elementor-element elementor-element-bd32687 elementor-widget__width-initial elementor-position-top elementor-position-top elementor-widget elementor-widget-image-box\" data-id=\"bd32687\" data-element_type=\"widget\" data-widget_type=\"image-box.default\">\n\t\t\t\t<div class=\"elementor-widget-container\">\n\t\t\t<style>.elementor-widget-image-box .elementor-image-box-content{width:100%}@media (min-width:768px){.elementor-widget-image-box.elementor-position-left .elementor-image-box-wrapper,.elementor-widget-image-box.elementor-position-right .elementor-image-box-wrapper{display:flex}.elementor-widget-image-box.elementor-position-right .elementor-image-box-wrapper{text-align:end;flex-direction:row-reverse}.elementor-widget-image-box.elementor-position-left .elementor-image-box-wrapper{text-align:start;flex-direction:row}.elementor-widget-image-box.elementor-position-top .elementor-image-box-img{margin:auto}.elementor-widget-image-box.elementor-vertical-align-top .elementor-image-box-wrapper{align-items:flex-start}.elementor-widget-image-box.elementor-vertical-align-middle .elementor-image-box-wrapper{align-items:center}.elementor-widget-image-box.elementor-vertical-align-bottom .elementor-image-box-wrapper{align-items:flex-end}}@media (max-width:767px){.elementor-widget-image-box .elementor-image-box-img{margin-left:auto!important;margin-right:auto!important;margin-bottom:15px}}.elementor-widget-image-box .elementor-image-box-img{display:inline-block}.elementor-widget-image-box .elementor-image-box-title a{color:inherit}.elementor-widget-image-box .elementor-image-box-wrapper{text-align:center}.elementor-widget-image-box .elementor-image-box-description{margin:0}<\/style><div class=\"elementor-image-box-wrapper\"><figure class=\"elementor-image-box-img\"><img decoding=\"async\" width=\"89\" height=\"89\" src=\"https:\/\/magtechs.com\/wp-content\/uploads\/2024\/06\/expert-1.png\" class=\"attachment-full size-full wp-image-795\" alt=\"\" \/><\/figure><div class=\"elementor-image-box-content\"><p class=\"elementor-image-box-description\">monitoramento constante. capacidades sofisticadas de detec\u00e7\u00e3o de fraudes\n<\/p><\/div><\/div>\t\t<\/div>\n\t\t\t\t<\/div>\n\t\t\t\t<div class=\"elementor-element elementor-element-b79cc42 elementor-widget__width-initial elementor-position-top elementor-position-top elementor-widget elementor-widget-image-box\" data-id=\"b79cc42\" data-element_type=\"widget\" data-widget_type=\"image-box.default\">\n\t\t\t\t<div class=\"elementor-widget-container\">\n\t\t\t<div class=\"elementor-image-box-wrapper\"><figure class=\"elementor-image-box-img\"><img decoding=\"async\" width=\"88\" height=\"88\" src=\"https:\/\/magtechs.com\/wp-content\/uploads\/2024\/06\/expert-2.png\" class=\"attachment-full size-full wp-image-796\" alt=\"\" \/><\/figure><div class=\"elementor-image-box-content\"><p class=\"elementor-image-box-description\">tecnologia de ponta e ofertas abrangentes de servi\u00e7o<\/p><\/div><\/div>\t\t<\/div>\n\t\t\t\t<\/div>\n\t\t\t\t<div class=\"elementor-element elementor-element-ad685d9 elementor-widget__width-initial elementor-position-top elementor-position-top elementor-widget elementor-widget-image-box\" data-id=\"ad685d9\" data-element_type=\"widget\" data-widget_type=\"image-box.default\">\n\t\t\t\t<div class=\"elementor-widget-container\">\n\t\t\t<div class=\"elementor-image-box-wrapper\"><figure class=\"elementor-image-box-img\"><img loading=\"lazy\" decoding=\"async\" width=\"60\" height=\"87\" src=\"https:\/\/magtechs.com\/wp-content\/uploads\/2024\/06\/expert-3.png\" class=\"attachment-full size-full wp-image-794\" alt=\"\" \/><\/figure><div class=\"elementor-image-box-content\"><p class=\"elementor-image-box-description\">est\u00e1 na vanguarda da ciberseguran\u00e7a, tamb\u00e9m como guardi\u00e3o da era digital<\/p><\/div><\/div>\t\t<\/div>\n\t\t\t\t<\/div>\n\t\t\t\t<\/div>\n\t\t<div class=\"elementor-element elementor-element-e5fb557 e-flex e-con-boxed e-con e-parent\" data-id=\"e5fb557\" data-element_type=\"container\">\n\t\t\t\t\t<div class=\"e-con-inner\">\n\t\t\t\t<div class=\"elementor-element elementor-element-78756dd elementor-widget__width-inherit double-title elementor-widget elementor-widget-heading\" data-id=\"78756dd\" data-element_type=\"widget\" data-widget_type=\"heading.default\">\n\t\t\t\t<div class=\"elementor-widget-container\">\n\t\t\t<h2 class=\"elementor-heading-title elementor-size-default\">NOSSA <b>EQUIPE<\/b><\/h2>\t\t<\/div>\n\t\t\t\t<\/div>\n\t\t\t\t<div class=\"elementor-element elementor-element-62333a2 elementor-widget elementor-widget-text-editor\" data-id=\"62333a2\" data-element_type=\"widget\" data-widget_type=\"text-editor.default\">\n\t\t\t\t<div class=\"elementor-widget-container\">\n\t\t\t\t\t\t\t<p>Especialistas diversos com expertise em estrat\u00e9gia cibern\u00e9tica, investiga\u00e7\u00e3o forense, consultoria governamental, prote\u00e7\u00e3o de plataformas de PLD e EF, design e constru\u00e7\u00e3o de opera\u00e7\u00f5es de SOC, investiga\u00e7\u00f5es de fraudes eletr\u00f4nicas e implementa\u00e7\u00e3o de firewalls.<\/p><p>\u200f\u200f\u200e \u200e<u>.<\/u><\/p><p>Especialistas governamentais e de ciberseguran\u00e7a experientes com experi\u00eancia internacional diversificada em consultoria estrat\u00e9gica, investiga\u00e7\u00f5es forenses, prote\u00e7\u00e3o de dados, regulamenta\u00e7\u00e3o de dados e opera\u00e7\u00f5es cibern\u00e9ticas.<\/p><p>Os especialistas da equipe possuem habilidades especiais no design e implementa\u00e7\u00e3o de centros de opera\u00e7\u00f5es de seguran\u00e7a, plataformas de combate \u00e0 lavagem de dinheiro e sistemas de preven\u00e7\u00e3o de fraudes eletr\u00f4nicas.<\/p>\t\t\t\t\t\t<\/div>\n\t\t\t\t<\/div>\n\t\t\t\t\t<\/div>\n\t\t\t\t<\/div>\n\t\t\t\t<\/div>","protected":false},"excerpt":{"rendered":"<p>ABOUT US MAG TECHS Empower Your Defense with MAG Tech: Leading the Charge in Cybersecurity Excellence for the last 22 years in Africa. We lead the charge in the frontline of cyber defense, offering unparalleled strategy and protective services to organizations and governments alike. Through innovative training simulations and cutting-edge technological solutions, we arm our [&hellip;]<\/p>","protected":false},"author":2,"featured_media":0,"parent":0,"menu_order":0,"comment_status":"closed","ping_status":"closed","template":"","meta":{"_acf_changed":false,"footnotes":""},"class_list":["post-10","page","type-page","status-publish","hentry"],"acf":[],"yoast_head":"<!-- This site is optimized with the Yoast SEO plugin v22.8 - https:\/\/yoast.com\/wordpress\/plugins\/seo\/ -->\n<title>About Us - MAG Tech Systems<\/title>\n<meta name=\"robots\" content=\"index, follow, max-snippet:-1, max-image-preview:large, max-video-preview:-1\" \/>\n<link rel=\"canonical\" href=\"https:\/\/magtechs.com\/pt\/about-us\/\" \/>\n<meta property=\"og:locale\" content=\"pt_PT\" \/>\n<meta property=\"og:type\" content=\"article\" \/>\n<meta property=\"og:title\" content=\"About Us - MAG Tech Systems\" \/>\n<meta property=\"og:description\" content=\"ABOUT US MAG TECHS Empower Your Defense with MAG Tech: Leading the Charge in Cybersecurity Excellence for the last 22 years in Africa. We lead the charge in the frontline of cyber defense, offering unparalleled strategy and protective services to organizations and governments alike. Through innovative training simulations and cutting-edge technological solutions, we arm our [&hellip;]\" \/>\n<meta property=\"og:url\" content=\"https:\/\/magtechs.com\/pt\/about-us\/\" \/>\n<meta property=\"og:site_name\" content=\"MAG Tech Systems\" \/>\n<meta property=\"article:modified_time\" content=\"2024-06-09T06:43:28+00:00\" \/>\n<meta property=\"og:image\" content=\"https:\/\/magtechs.com\/wp-content\/uploads\/2024\/06\/hero-service.jpg\" \/>\n<meta name=\"twitter:card\" content=\"summary_large_image\" \/>\n<meta name=\"twitter:label1\" content=\"Tempo estimado de leitura\" \/>\n\t<meta name=\"twitter:data1\" content=\"3 minutos\" \/>\n<script type=\"application\/ld+json\" class=\"yoast-schema-graph\">{\"@context\":\"https:\/\/schema.org\",\"@graph\":[{\"@type\":\"WebPage\",\"@id\":\"https:\/\/magtechs.com\/about-us\/\",\"url\":\"https:\/\/magtechs.com\/about-us\/\",\"name\":\"About Us - MAG Tech Systems\",\"isPartOf\":{\"@id\":\"https:\/\/magtechs.com\/#website\"},\"primaryImageOfPage\":{\"@id\":\"https:\/\/magtechs.com\/about-us\/#primaryimage\"},\"image\":{\"@id\":\"https:\/\/magtechs.com\/about-us\/#primaryimage\"},\"thumbnailUrl\":\"https:\/\/magtechs.com\/wp-content\/uploads\/2024\/06\/hero-service.jpg\",\"datePublished\":\"2024-03-28T15:35:11+00:00\",\"dateModified\":\"2024-06-09T06:43:28+00:00\",\"breadcrumb\":{\"@id\":\"https:\/\/magtechs.com\/about-us\/#breadcrumb\"},\"inLanguage\":\"pt-PT\",\"potentialAction\":[{\"@type\":\"ReadAction\",\"target\":[\"https:\/\/magtechs.com\/about-us\/\"]}]},{\"@type\":\"ImageObject\",\"inLanguage\":\"pt-PT\",\"@id\":\"https:\/\/magtechs.com\/about-us\/#primaryimage\",\"url\":\"https:\/\/magtechs.com\/wp-content\/uploads\/2024\/06\/hero-service.jpg\",\"contentUrl\":\"https:\/\/magtechs.com\/wp-content\/uploads\/2024\/06\/hero-service.jpg\"},{\"@type\":\"BreadcrumbList\",\"@id\":\"https:\/\/magtechs.com\/about-us\/#breadcrumb\",\"itemListElement\":[{\"@type\":\"ListItem\",\"position\":1,\"name\":\"Home\",\"item\":\"https:\/\/magtechs.com\/\"},{\"@type\":\"ListItem\",\"position\":2,\"name\":\"About Us\"}]},{\"@type\":\"WebSite\",\"@id\":\"https:\/\/magtechs.com\/#website\",\"url\":\"https:\/\/magtechs.com\/\",\"name\":\"MAG Tech Systems\",\"description\":\"\",\"publisher\":{\"@id\":\"https:\/\/magtechs.com\/#organization\"},\"potentialAction\":[{\"@type\":\"SearchAction\",\"target\":{\"@type\":\"EntryPoint\",\"urlTemplate\":\"https:\/\/magtechs.com\/?s={search_term_string}\"},\"query-input\":\"required name=search_term_string\"}],\"inLanguage\":\"pt-PT\"},{\"@type\":\"Organization\",\"@id\":\"https:\/\/magtechs.com\/#organization\",\"name\":\"MAG Tech Systems\",\"url\":\"https:\/\/magtechs.com\/\",\"logo\":{\"@type\":\"ImageObject\",\"inLanguage\":\"pt-PT\",\"@id\":\"https:\/\/magtechs.com\/#\/schema\/logo\/image\/\",\"url\":\"https:\/\/magtechs.com\/wp-content\/uploads\/2024\/03\/logo-white.png\",\"contentUrl\":\"https:\/\/magtechs.com\/wp-content\/uploads\/2024\/03\/logo-white.png\",\"width\":315,\"height\":105,\"caption\":\"MAG Tech Systems\"},\"image\":{\"@id\":\"https:\/\/magtechs.com\/#\/schema\/logo\/image\/\"}}]}<\/script>\n<!-- \/ Yoast SEO plugin. -->","yoast_head_json":{"title":"About Us - MAG Tech Systems","robots":{"index":"index","follow":"follow","max-snippet":"max-snippet:-1","max-image-preview":"max-image-preview:large","max-video-preview":"max-video-preview:-1"},"canonical":"https:\/\/magtechs.com\/pt\/about-us\/","og_locale":"pt_PT","og_type":"article","og_title":"About Us - MAG Tech Systems","og_description":"ABOUT US MAG TECHS Empower Your Defense with MAG Tech: Leading the Charge in Cybersecurity Excellence for the last 22 years in Africa. We lead the charge in the frontline of cyber defense, offering unparalleled strategy and protective services to organizations and governments alike. Through innovative training simulations and cutting-edge technological solutions, we arm our [&hellip;]","og_url":"https:\/\/magtechs.com\/pt\/about-us\/","og_site_name":"MAG Tech Systems","article_modified_time":"2024-06-09T06:43:28+00:00","og_image":[{"url":"https:\/\/magtechs.com\/wp-content\/uploads\/2024\/06\/hero-service.jpg"}],"twitter_card":"summary_large_image","twitter_misc":{"Tempo estimado de leitura":"3 minutos"},"schema":{"@context":"https:\/\/schema.org","@graph":[{"@type":"WebPage","@id":"https:\/\/magtechs.com\/about-us\/","url":"https:\/\/magtechs.com\/about-us\/","name":"About Us - MAG Tech Systems","isPartOf":{"@id":"https:\/\/magtechs.com\/#website"},"primaryImageOfPage":{"@id":"https:\/\/magtechs.com\/about-us\/#primaryimage"},"image":{"@id":"https:\/\/magtechs.com\/about-us\/#primaryimage"},"thumbnailUrl":"https:\/\/magtechs.com\/wp-content\/uploads\/2024\/06\/hero-service.jpg","datePublished":"2024-03-28T15:35:11+00:00","dateModified":"2024-06-09T06:43:28+00:00","breadcrumb":{"@id":"https:\/\/magtechs.com\/about-us\/#breadcrumb"},"inLanguage":"pt-PT","potentialAction":[{"@type":"ReadAction","target":["https:\/\/magtechs.com\/about-us\/"]}]},{"@type":"ImageObject","inLanguage":"pt-PT","@id":"https:\/\/magtechs.com\/about-us\/#primaryimage","url":"https:\/\/magtechs.com\/wp-content\/uploads\/2024\/06\/hero-service.jpg","contentUrl":"https:\/\/magtechs.com\/wp-content\/uploads\/2024\/06\/hero-service.jpg"},{"@type":"BreadcrumbList","@id":"https:\/\/magtechs.com\/about-us\/#breadcrumb","itemListElement":[{"@type":"ListItem","position":1,"name":"Home","item":"https:\/\/magtechs.com\/"},{"@type":"ListItem","position":2,"name":"About Us"}]},{"@type":"WebSite","@id":"https:\/\/magtechs.com\/#website","url":"https:\/\/magtechs.com\/","name":"MAG Tech Systems","description":"","publisher":{"@id":"https:\/\/magtechs.com\/#organization"},"potentialAction":[{"@type":"SearchAction","target":{"@type":"EntryPoint","urlTemplate":"https:\/\/magtechs.com\/?s={search_term_string}"},"query-input":"required name=search_term_string"}],"inLanguage":"pt-PT"},{"@type":"Organization","@id":"https:\/\/magtechs.com\/#organization","name":"MAG Tech Systems","url":"https:\/\/magtechs.com\/","logo":{"@type":"ImageObject","inLanguage":"pt-PT","@id":"https:\/\/magtechs.com\/#\/schema\/logo\/image\/","url":"https:\/\/magtechs.com\/wp-content\/uploads\/2024\/03\/logo-white.png","contentUrl":"https:\/\/magtechs.com\/wp-content\/uploads\/2024\/03\/logo-white.png","width":315,"height":105,"caption":"MAG Tech Systems"},"image":{"@id":"https:\/\/magtechs.com\/#\/schema\/logo\/image\/"}}]}},"_links":{"self":[{"href":"https:\/\/magtechs.com\/pt\/wp-json\/wp\/v2\/pages\/10","targetHints":{"allow":["GET"]}}],"collection":[{"href":"https:\/\/magtechs.com\/pt\/wp-json\/wp\/v2\/pages"}],"about":[{"href":"https:\/\/magtechs.com\/pt\/wp-json\/wp\/v2\/types\/page"}],"author":[{"embeddable":true,"href":"https:\/\/magtechs.com\/pt\/wp-json\/wp\/v2\/users\/2"}],"replies":[{"embeddable":true,"href":"https:\/\/magtechs.com\/pt\/wp-json\/wp\/v2\/comments?post=10"}],"version-history":[{"count":31,"href":"https:\/\/magtechs.com\/pt\/wp-json\/wp\/v2\/pages\/10\/revisions"}],"predecessor-version":[{"id":996,"href":"https:\/\/magtechs.com\/pt\/wp-json\/wp\/v2\/pages\/10\/revisions\/996"}],"wp:attachment":[{"href":"https:\/\/magtechs.com\/pt\/wp-json\/wp\/v2\/media?parent=10"}],"curies":[{"name":"wp","href":"https:\/\/api.w.org\/{rel}","templated":true}]}}