{"id":10,"date":"2024-03-28T15:35:11","date_gmt":"2024-03-28T15:35:11","guid":{"rendered":"https:\/\/magtechs.com\/?page_id=10"},"modified":"2024-06-09T06:43:28","modified_gmt":"2024-06-09T06:43:28","slug":"about-us","status":"publish","type":"page","link":"https:\/\/magtechs.com\/fr\/about-us\/","title":{"rendered":"\u00c0 propos de nous"},"content":{"rendered":"<div data-elementor-type=\"wp-page\" data-elementor-id=\"10\" class=\"elementor elementor-10\" data-elementor-post-type=\"page\">\n\t\t\t\t<div class=\"elementor-element elementor-element-3927482 e-con-full e-flex e-con e-parent\" data-id=\"3927482\" data-element_type=\"container\">\n\t\t\t\t<div class=\"elementor-element elementor-element-1d7ba03 elementor-widget elementor-widget-image\" data-id=\"1d7ba03\" data-element_type=\"widget\" data-widget_type=\"image.default\">\n\t\t\t\t<div class=\"elementor-widget-container\">\n\t\t\t<style>\/*! elementor - v3.21.0 - 26-05-2024 *\/\n.elementor-widget-image{text-align:center}.elementor-widget-image a{display:inline-block}.elementor-widget-image a img[src$=\".svg\"]{width:48px}.elementor-widget-image img{vertical-align:middle;display:inline-block}<\/style>\t\t\t\t\t\t\t\t\t\t<img fetchpriority=\"high\" decoding=\"async\" width=\"1920\" height=\"499\" src=\"https:\/\/magtechs.com\/wp-content\/uploads\/2024\/06\/hero-service.jpg\" class=\"attachment-full size-full wp-image-673\" alt=\"\" srcset=\"https:\/\/magtechs.com\/wp-content\/uploads\/2024\/06\/hero-service.jpg 1920w, https:\/\/magtechs.com\/wp-content\/uploads\/2024\/06\/hero-service-300x78.jpg 300w, https:\/\/magtechs.com\/wp-content\/uploads\/2024\/06\/hero-service-1024x266.jpg 1024w, https:\/\/magtechs.com\/wp-content\/uploads\/2024\/06\/hero-service-768x200.jpg 768w, https:\/\/magtechs.com\/wp-content\/uploads\/2024\/06\/hero-service-1536x399.jpg 1536w\" sizes=\"(max-width: 1920px) 100vw, 1920px\" \/>\t\t\t\t\t\t\t\t\t\t\t\t\t<\/div>\n\t\t\t\t<\/div>\n\t\t\t\t<div class=\"elementor-element elementor-element-902c2cc elementor-absolute e-transform elementor-widget elementor-widget-heading\" data-id=\"902c2cc\" data-element_type=\"widget\" data-settings=\"{&quot;_position&quot;:&quot;absolute&quot;,&quot;_transform_translateX_effect&quot;:{&quot;unit&quot;:&quot;%&quot;,&quot;size&quot;:-50,&quot;sizes&quot;:[]},&quot;_transform_translateX_effect_tablet&quot;:{&quot;unit&quot;:&quot;%&quot;,&quot;size&quot;:&quot;&quot;,&quot;sizes&quot;:[]},&quot;_transform_translateX_effect_mobile&quot;:{&quot;unit&quot;:&quot;%&quot;,&quot;size&quot;:&quot;&quot;,&quot;sizes&quot;:[]},&quot;_transform_translateY_effect&quot;:{&quot;unit&quot;:&quot;%&quot;,&quot;size&quot;:-50,&quot;sizes&quot;:[]},&quot;_transform_translateY_effect_tablet&quot;:{&quot;unit&quot;:&quot;%&quot;,&quot;size&quot;:&quot;&quot;,&quot;sizes&quot;:[]},&quot;_transform_translateY_effect_mobile&quot;:{&quot;unit&quot;:&quot;%&quot;,&quot;size&quot;:&quot;&quot;,&quot;sizes&quot;:[]},&quot;_transform_translateX_effect_laptop&quot;:{&quot;unit&quot;:&quot;px&quot;,&quot;size&quot;:&quot;&quot;,&quot;sizes&quot;:[]},&quot;_transform_translateX_effect_tablet_extra&quot;:{&quot;unit&quot;:&quot;px&quot;,&quot;size&quot;:&quot;&quot;,&quot;sizes&quot;:[]},&quot;_transform_translateY_effect_laptop&quot;:{&quot;unit&quot;:&quot;px&quot;,&quot;size&quot;:&quot;&quot;,&quot;sizes&quot;:[]},&quot;_transform_translateY_effect_tablet_extra&quot;:{&quot;unit&quot;:&quot;px&quot;,&quot;size&quot;:&quot;&quot;,&quot;sizes&quot;:[]}}\" data-widget_type=\"heading.default\">\n\t\t\t\t<div class=\"elementor-widget-container\">\n\t\t\t<style>\/*! elementor - v3.21.0 - 26-05-2024 *\/\n.elementor-heading-title{padding:0;margin:0;line-height:1}.elementor-widget-heading .elementor-heading-title[class*=elementor-size-]>a{color:inherit;font-size:inherit;line-height:inherit}.elementor-widget-heading .elementor-heading-title.elementor-size-small{font-size:15px}.elementor-widget-heading .elementor-heading-title.elementor-size-medium{font-size:19px}.elementor-widget-heading .elementor-heading-title.elementor-size-large{font-size:29px}.elementor-widget-heading .elementor-heading-title.elementor-size-xl{font-size:39px}.elementor-widget-heading .elementor-heading-title.elementor-size-xxl{font-size:59px}<\/style><h1 class=\"elementor-heading-title elementor-size-default\">\u00c0 PROPOS DE NOUS<\/h1>\t\t<\/div>\n\t\t\t\t<\/div>\n\t\t\t\t<\/div>\n\t\t<div class=\"elementor-element elementor-element-63cd2dc e-flex e-con-boxed e-con e-parent\" data-id=\"63cd2dc\" data-element_type=\"container\" data-settings=\"{&quot;background_background&quot;:&quot;classic&quot;}\">\n\t\t\t\t\t<div class=\"e-con-inner\">\n\t\t\t\t<div class=\"elementor-element elementor-element-1ec66ef elementor-widget__width-inherit double-title elementor-widget elementor-widget-heading\" data-id=\"1ec66ef\" data-element_type=\"widget\" data-widget_type=\"heading.default\">\n\t\t\t\t<div class=\"elementor-widget-container\">\n\t\t\t<h2 class=\"elementor-heading-title elementor-size-default\">MAG <b>TECHS<\/b><\/h2>\t\t<\/div>\n\t\t\t\t<\/div>\n\t\t\t\t<div class=\"elementor-element elementor-element-9491ae5 elementor-widget elementor-widget-text-editor\" data-id=\"9491ae5\" data-element_type=\"widget\" data-widget_type=\"text-editor.default\">\n\t\t\t\t<div class=\"elementor-widget-container\">\n\t\t\t<style>\/*! elementor - v3.21.0 - 26-05-2024 *\/\n.elementor-widget-text-editor.elementor-drop-cap-view-stacked .elementor-drop-cap{background-color:#69727d;color:#fff}.elementor-widget-text-editor.elementor-drop-cap-view-framed .elementor-drop-cap{color:#69727d;border:3px solid;background-color:transparent}.elementor-widget-text-editor:not(.elementor-drop-cap-view-default) .elementor-drop-cap{margin-top:8px}.elementor-widget-text-editor:not(.elementor-drop-cap-view-default) .elementor-drop-cap-letter{width:1em;height:1em}.elementor-widget-text-editor .elementor-drop-cap{float:left;text-align:center;line-height:1;font-size:50px}.elementor-widget-text-editor .elementor-drop-cap-letter{display:inline-block}<\/style>\t\t\t\t<p>Renforcez votre d\u00e9fense avec MAG Tech : Leader de l'excellence en cybers\u00e9curit\u00e9 depuis 22 ans en Afrique.<\/p>\n<p>Nous menons la charge en premi\u00e8re ligne de la d\u00e9fense cybern\u00e9tique, offrant des strat\u00e9gies et des services de protection in\u00e9gal\u00e9s aux organisations et aux gouvernements. \u00c0 travers des simulations de formation innovantes et des solutions technologiques de pointe, nous \u00e9quipons nos clients des outils proactifs n\u00e9cessaires pour se prot\u00e9ger contre le paysage des menaces cybern\u00e9tiques en constante \u00e9volution.<\/p>\n<p>Notre approche est ancr\u00e9e dans une compr\u00e9hension approfondie des fonctions sp\u00e9cifiques au secteur et des actifs critiques. Nous donnons la priorit\u00e9 \u00e0 la protection des priorit\u00e9s au niveau \u00e9tatique et des entreprises, couvrant le capital humain, l'infrastructure physique et les couches complexes de la cha\u00eene d'approvisionnement. En tant que votre partenaire de d\u00e9fense d\u00e9di\u00e9, nous analysons la s\u00e9curit\u00e9 \u00e0 travers le prisme des menaces cybern\u00e9tiques les plus sophistiqu\u00e9es, fournissant aux organisations une fortification num\u00e9rique robuste.<\/p>\n<p>Avec un h\u00e9ritage ancr\u00e9 dans les op\u00e9rations cybern\u00e9tiques internationales et la d\u00e9fense locale, MAG Tech est fier de son \u00e9quipe de professionnels chevronn\u00e9s avec une expertise \u00e9prouv\u00e9e en cybers\u00e9curit\u00e9. Nos v\u00e9t\u00e9rans apportent une finesse tactique affin\u00e9e \u00e0 travers la gestion des incidents en temps r\u00e9el, se traduisant par des services de r\u00e9silience cybern\u00e9tique sur mesure et des solutions adapt\u00e9es aux besoins uniques de chaque secteur que nous desservons.<\/p>\n<p>Partenariat avec MAG Tech pour une alliance qui non seulement comprend le champ de bataille num\u00e9rique mais le commande, garantissant votre s\u00e9curit\u00e9 op\u00e9rationnelle \u00e0 l'\u00e8re cyber et au-del\u00e0.<\/p>\t\t\t\t\t\t<\/div>\n\t\t\t\t<\/div>\n\t\t\t\t<div class=\"elementor-element elementor-element-dc7d1d3 elementor-widget elementor-widget-heading\" data-id=\"dc7d1d3\" data-element_type=\"widget\" data-widget_type=\"heading.default\">\n\t\t\t\t<div class=\"elementor-widget-container\">\n\t\t\t<h2 class=\"elementor-heading-title elementor-size-default\">Votre marque compte<\/h2>\t\t<\/div>\n\t\t\t\t<\/div>\n\t\t\t\t<div class=\"elementor-element elementor-element-bcbe676 elementor-widget elementor-widget-text-editor\" data-id=\"bcbe676\" data-element_type=\"widget\" data-widget_type=\"text-editor.default\">\n\t\t\t\t<div class=\"elementor-widget-container\">\n\t\t\t\t\t\t\t<p>D\u00e9couvrez la diff\u00e9rence MAG : o\u00f9 votre s\u00e9curit\u00e9 num\u00e9rique est notre pr\u00e9occupation majeure, ouvrant la voie \u00e0 un avenir num\u00e9rique s\u00e9curis\u00e9. Notre mission est de renforcer votre pr\u00e9sence num\u00e9rique avec des services de s\u00e9curit\u00e9 de premier ordre, y compris une surveillance cybern\u00e9tique sur mesure, englobant une intelligence cybern\u00e9tique personnalis\u00e9e et un terrain num\u00e9rique dynamique transformateur, avec confiance et tranquillit\u00e9 d'esprit.<\/p><p>Avec une \u00e9quipe d'experts diversifi\u00e9s \u00e0 notre noyau, nous anticipons et controns habilement les menaces cybern\u00e9tiques, vous permettant de naviguer dans le paysage num\u00e9rique en constante \u00e9volution avec facilit\u00e9 et assurance.\u00a0<\/p>\t\t\t\t\t\t<\/div>\n\t\t\t\t<\/div>\n\t\t\t\t\t<\/div>\n\t\t\t\t<\/div>\n\t\t<div class=\"elementor-element elementor-element-cb26d17 e-con-full e-flex e-con e-parent\" data-id=\"cb26d17\" data-element_type=\"container\">\n\t\t\t\t<div class=\"elementor-element elementor-element-fb28a37 elementor-widget__width-inherit double-title elementor-widget elementor-widget-heading\" data-id=\"fb28a37\" data-element_type=\"widget\" data-widget_type=\"heading.default\">\n\t\t\t\t<div class=\"elementor-widget-container\">\n\t\t\t<h2 class=\"elementor-heading-title elementor-size-default\">EXPERTISE &amp; <b>EXP\u00c9RIENCE<\/b><\/h2>\t\t<\/div>\n\t\t\t\t<\/div>\n\t\t\t\t<div class=\"elementor-element elementor-element-bd32687 elementor-widget__width-initial elementor-position-top elementor-position-top elementor-widget elementor-widget-image-box\" data-id=\"bd32687\" data-element_type=\"widget\" data-widget_type=\"image-box.default\">\n\t\t\t\t<div class=\"elementor-widget-container\">\n\t\t\t<style>.elementor-widget-image-box .elementor-image-box-content{width:100%}@media (min-width:768px){.elementor-widget-image-box.elementor-position-left .elementor-image-box-wrapper,.elementor-widget-image-box.elementor-position-right .elementor-image-box-wrapper{display:flex}.elementor-widget-image-box.elementor-position-right .elementor-image-box-wrapper{text-align:end;flex-direction:row-reverse}.elementor-widget-image-box.elementor-position-left .elementor-image-box-wrapper{text-align:start;flex-direction:row}.elementor-widget-image-box.elementor-position-top .elementor-image-box-img{margin:auto}.elementor-widget-image-box.elementor-vertical-align-top .elementor-image-box-wrapper{align-items:flex-start}.elementor-widget-image-box.elementor-vertical-align-middle .elementor-image-box-wrapper{align-items:center}.elementor-widget-image-box.elementor-vertical-align-bottom .elementor-image-box-wrapper{align-items:flex-end}}@media (max-width:767px){.elementor-widget-image-box .elementor-image-box-img{margin-left:auto!important;margin-right:auto!important;margin-bottom:15px}}.elementor-widget-image-box .elementor-image-box-img{display:inline-block}.elementor-widget-image-box .elementor-image-box-title a{color:inherit}.elementor-widget-image-box .elementor-image-box-wrapper{text-align:center}.elementor-widget-image-box .elementor-image-box-description{margin:0}<\/style><div class=\"elementor-image-box-wrapper\"><figure class=\"elementor-image-box-img\"><img decoding=\"async\" width=\"89\" height=\"89\" src=\"https:\/\/magtechs.com\/wp-content\/uploads\/2024\/06\/expert-1.png\" class=\"attachment-full size-full wp-image-795\" alt=\"\" \/><\/figure><div class=\"elementor-image-box-content\"><p class=\"elementor-image-box-description\">surveillance continue, capacit\u00e9s sophistiqu\u00e9es de d\u00e9tection de fraude\n<\/p><\/div><\/div>\t\t<\/div>\n\t\t\t\t<\/div>\n\t\t\t\t<div class=\"elementor-element elementor-element-b79cc42 elementor-widget__width-initial elementor-position-top elementor-position-top elementor-widget elementor-widget-image-box\" data-id=\"b79cc42\" data-element_type=\"widget\" data-widget_type=\"image-box.default\">\n\t\t\t\t<div class=\"elementor-widget-container\">\n\t\t\t<div class=\"elementor-image-box-wrapper\"><figure class=\"elementor-image-box-img\"><img decoding=\"async\" width=\"88\" height=\"88\" src=\"https:\/\/magtechs.com\/wp-content\/uploads\/2024\/06\/expert-2.png\" class=\"attachment-full size-full wp-image-796\" alt=\"\" \/><\/figure><div class=\"elementor-image-box-content\"><p class=\"elementor-image-box-description\">technologie de pointe et offres de services compl\u00e8tes<\/p><\/div><\/div>\t\t<\/div>\n\t\t\t\t<\/div>\n\t\t\t\t<div class=\"elementor-element elementor-element-ad685d9 elementor-widget__width-initial elementor-position-top elementor-position-top elementor-widget elementor-widget-image-box\" data-id=\"ad685d9\" data-element_type=\"widget\" data-widget_type=\"image-box.default\">\n\t\t\t\t<div class=\"elementor-widget-container\">\n\t\t\t<div class=\"elementor-image-box-wrapper\"><figure class=\"elementor-image-box-img\"><img loading=\"lazy\" decoding=\"async\" width=\"60\" height=\"87\" src=\"https:\/\/magtechs.com\/wp-content\/uploads\/2024\/06\/expert-3.png\" class=\"attachment-full size-full wp-image-794\" alt=\"\" \/><\/figure><div class=\"elementor-image-box-content\"><p class=\"elementor-image-box-description\">au premier plan de la cybers\u00e9curit\u00e9, \u00e9galement gardien de l'\u00e8re num\u00e9rique<\/p><\/div><\/div>\t\t<\/div>\n\t\t\t\t<\/div>\n\t\t\t\t<\/div>\n\t\t<div class=\"elementor-element elementor-element-e5fb557 e-flex e-con-boxed e-con e-parent\" data-id=\"e5fb557\" data-element_type=\"container\">\n\t\t\t\t\t<div class=\"e-con-inner\">\n\t\t\t\t<div class=\"elementor-element elementor-element-78756dd elementor-widget__width-inherit double-title elementor-widget elementor-widget-heading\" data-id=\"78756dd\" data-element_type=\"widget\" data-widget_type=\"heading.default\">\n\t\t\t\t<div class=\"elementor-widget-container\">\n\t\t\t<h2 class=\"elementor-heading-title elementor-size-default\">NOTRE <b>\u00c9QUIPE<\/b><\/h2>\t\t<\/div>\n\t\t\t\t<\/div>\n\t\t\t\t<div class=\"elementor-element elementor-element-62333a2 elementor-widget elementor-widget-text-editor\" data-id=\"62333a2\" data-element_type=\"widget\" data-widget_type=\"text-editor.default\">\n\t\t\t\t<div class=\"elementor-widget-container\">\n\t\t\t\t\t\t\t<p>Experts diversifi\u00e9s avec une expertise en strat\u00e9gie cybern\u00e9tique, enqu\u00eates forensiques, conseil gouvernemental, protection de plateformes AML et EF, conception et construction d'op\u00e9rations SOC,<\/p><p>enqu\u00eates sur la fraude \u00e9lectronique et mise en \u0153uvre de pare-feu.<u>.<\/u><\/p><p>Experts gouvernementaux et en cybers\u00e9curit\u00e9 chevronn\u00e9s avec une exp\u00e9rience internationale diverse en conseil strat\u00e9gique, enqu\u00eates forensiques, protection des donn\u00e9es, r\u00e9glementation des donn\u00e9es et op\u00e9rations cybern\u00e9tiques.<\/p><p>Les experts de l'\u00e9quipe poss\u00e8dent des comp\u00e9tences sp\u00e9ciales dans la conception et la mise en \u0153uvre de centres d'op\u00e9rations de s\u00e9curit\u00e9, de plateformes de lutte contre le blanchiment d'argent et de syst\u00e8mes de pr\u00e9vention de la fraude \u00e9lectronique.<\/p>\t\t\t\t\t\t<\/div>\n\t\t\t\t<\/div>\n\t\t\t\t\t<\/div>\n\t\t\t\t<\/div>\n\t\t\t\t<\/div>","protected":false},"excerpt":{"rendered":"<p>ABOUT US MAG TECHS Empower Your Defense with MAG Tech: Leading the Charge in Cybersecurity Excellence for the last 22 years in Africa. We lead the charge in the frontline of cyber defense, offering unparalleled strategy and protective services to organizations and governments alike. Through innovative training simulations and cutting-edge technological solutions, we arm our [&hellip;]<\/p>","protected":false},"author":2,"featured_media":0,"parent":0,"menu_order":0,"comment_status":"closed","ping_status":"closed","template":"","meta":{"_acf_changed":false,"footnotes":""},"class_list":["post-10","page","type-page","status-publish","hentry"],"acf":[],"yoast_head":"<!-- This site is optimized with the Yoast SEO plugin v22.8 - https:\/\/yoast.com\/wordpress\/plugins\/seo\/ -->\n<title>About Us - MAG Tech Systems<\/title>\n<meta name=\"robots\" content=\"index, follow, max-snippet:-1, max-image-preview:large, max-video-preview:-1\" \/>\n<link rel=\"canonical\" href=\"https:\/\/magtechs.com\/fr\/about-us\/\" \/>\n<meta property=\"og:locale\" content=\"fr_FR\" \/>\n<meta property=\"og:type\" content=\"article\" \/>\n<meta property=\"og:title\" content=\"About Us - MAG Tech Systems\" \/>\n<meta property=\"og:description\" content=\"ABOUT US MAG TECHS Empower Your Defense with MAG Tech: Leading the Charge in Cybersecurity Excellence for the last 22 years in Africa. We lead the charge in the frontline of cyber defense, offering unparalleled strategy and protective services to organizations and governments alike. Through innovative training simulations and cutting-edge technological solutions, we arm our [&hellip;]\" \/>\n<meta property=\"og:url\" content=\"https:\/\/magtechs.com\/fr\/about-us\/\" \/>\n<meta property=\"og:site_name\" content=\"MAG Tech Systems\" \/>\n<meta property=\"article:modified_time\" content=\"2024-06-09T06:43:28+00:00\" \/>\n<meta property=\"og:image\" content=\"https:\/\/magtechs.com\/wp-content\/uploads\/2024\/06\/hero-service.jpg\" \/>\n<meta name=\"twitter:card\" content=\"summary_large_image\" \/>\n<meta name=\"twitter:label1\" content=\"Dur\u00e9e de lecture estim\u00e9e\" \/>\n\t<meta name=\"twitter:data1\" content=\"3 minutes\" \/>\n<script type=\"application\/ld+json\" class=\"yoast-schema-graph\">{\"@context\":\"https:\/\/schema.org\",\"@graph\":[{\"@type\":\"WebPage\",\"@id\":\"https:\/\/magtechs.com\/about-us\/\",\"url\":\"https:\/\/magtechs.com\/about-us\/\",\"name\":\"About Us - MAG Tech Systems\",\"isPartOf\":{\"@id\":\"https:\/\/magtechs.com\/#website\"},\"primaryImageOfPage\":{\"@id\":\"https:\/\/magtechs.com\/about-us\/#primaryimage\"},\"image\":{\"@id\":\"https:\/\/magtechs.com\/about-us\/#primaryimage\"},\"thumbnailUrl\":\"https:\/\/magtechs.com\/wp-content\/uploads\/2024\/06\/hero-service.jpg\",\"datePublished\":\"2024-03-28T15:35:11+00:00\",\"dateModified\":\"2024-06-09T06:43:28+00:00\",\"breadcrumb\":{\"@id\":\"https:\/\/magtechs.com\/about-us\/#breadcrumb\"},\"inLanguage\":\"fr-FR\",\"potentialAction\":[{\"@type\":\"ReadAction\",\"target\":[\"https:\/\/magtechs.com\/about-us\/\"]}]},{\"@type\":\"ImageObject\",\"inLanguage\":\"fr-FR\",\"@id\":\"https:\/\/magtechs.com\/about-us\/#primaryimage\",\"url\":\"https:\/\/magtechs.com\/wp-content\/uploads\/2024\/06\/hero-service.jpg\",\"contentUrl\":\"https:\/\/magtechs.com\/wp-content\/uploads\/2024\/06\/hero-service.jpg\"},{\"@type\":\"BreadcrumbList\",\"@id\":\"https:\/\/magtechs.com\/about-us\/#breadcrumb\",\"itemListElement\":[{\"@type\":\"ListItem\",\"position\":1,\"name\":\"Home\",\"item\":\"https:\/\/magtechs.com\/\"},{\"@type\":\"ListItem\",\"position\":2,\"name\":\"About Us\"}]},{\"@type\":\"WebSite\",\"@id\":\"https:\/\/magtechs.com\/#website\",\"url\":\"https:\/\/magtechs.com\/\",\"name\":\"MAG Tech Systems\",\"description\":\"\",\"publisher\":{\"@id\":\"https:\/\/magtechs.com\/#organization\"},\"potentialAction\":[{\"@type\":\"SearchAction\",\"target\":{\"@type\":\"EntryPoint\",\"urlTemplate\":\"https:\/\/magtechs.com\/?s={search_term_string}\"},\"query-input\":\"required name=search_term_string\"}],\"inLanguage\":\"fr-FR\"},{\"@type\":\"Organization\",\"@id\":\"https:\/\/magtechs.com\/#organization\",\"name\":\"MAG Tech Systems\",\"url\":\"https:\/\/magtechs.com\/\",\"logo\":{\"@type\":\"ImageObject\",\"inLanguage\":\"fr-FR\",\"@id\":\"https:\/\/magtechs.com\/#\/schema\/logo\/image\/\",\"url\":\"https:\/\/magtechs.com\/wp-content\/uploads\/2024\/03\/logo-white.png\",\"contentUrl\":\"https:\/\/magtechs.com\/wp-content\/uploads\/2024\/03\/logo-white.png\",\"width\":315,\"height\":105,\"caption\":\"MAG Tech Systems\"},\"image\":{\"@id\":\"https:\/\/magtechs.com\/#\/schema\/logo\/image\/\"}}]}<\/script>\n<!-- \/ Yoast SEO plugin. -->","yoast_head_json":{"title":"About Us - MAG Tech Systems","robots":{"index":"index","follow":"follow","max-snippet":"max-snippet:-1","max-image-preview":"max-image-preview:large","max-video-preview":"max-video-preview:-1"},"canonical":"https:\/\/magtechs.com\/fr\/about-us\/","og_locale":"fr_FR","og_type":"article","og_title":"About Us - MAG Tech Systems","og_description":"ABOUT US MAG TECHS Empower Your Defense with MAG Tech: Leading the Charge in Cybersecurity Excellence for the last 22 years in Africa. We lead the charge in the frontline of cyber defense, offering unparalleled strategy and protective services to organizations and governments alike. Through innovative training simulations and cutting-edge technological solutions, we arm our [&hellip;]","og_url":"https:\/\/magtechs.com\/fr\/about-us\/","og_site_name":"MAG Tech Systems","article_modified_time":"2024-06-09T06:43:28+00:00","og_image":[{"url":"https:\/\/magtechs.com\/wp-content\/uploads\/2024\/06\/hero-service.jpg"}],"twitter_card":"summary_large_image","twitter_misc":{"Dur\u00e9e de lecture estim\u00e9e":"3 minutes"},"schema":{"@context":"https:\/\/schema.org","@graph":[{"@type":"WebPage","@id":"https:\/\/magtechs.com\/about-us\/","url":"https:\/\/magtechs.com\/about-us\/","name":"About Us - MAG Tech Systems","isPartOf":{"@id":"https:\/\/magtechs.com\/#website"},"primaryImageOfPage":{"@id":"https:\/\/magtechs.com\/about-us\/#primaryimage"},"image":{"@id":"https:\/\/magtechs.com\/about-us\/#primaryimage"},"thumbnailUrl":"https:\/\/magtechs.com\/wp-content\/uploads\/2024\/06\/hero-service.jpg","datePublished":"2024-03-28T15:35:11+00:00","dateModified":"2024-06-09T06:43:28+00:00","breadcrumb":{"@id":"https:\/\/magtechs.com\/about-us\/#breadcrumb"},"inLanguage":"fr-FR","potentialAction":[{"@type":"ReadAction","target":["https:\/\/magtechs.com\/about-us\/"]}]},{"@type":"ImageObject","inLanguage":"fr-FR","@id":"https:\/\/magtechs.com\/about-us\/#primaryimage","url":"https:\/\/magtechs.com\/wp-content\/uploads\/2024\/06\/hero-service.jpg","contentUrl":"https:\/\/magtechs.com\/wp-content\/uploads\/2024\/06\/hero-service.jpg"},{"@type":"BreadcrumbList","@id":"https:\/\/magtechs.com\/about-us\/#breadcrumb","itemListElement":[{"@type":"ListItem","position":1,"name":"Home","item":"https:\/\/magtechs.com\/"},{"@type":"ListItem","position":2,"name":"About Us"}]},{"@type":"WebSite","@id":"https:\/\/magtechs.com\/#website","url":"https:\/\/magtechs.com\/","name":"MAG Tech Systems","description":"","publisher":{"@id":"https:\/\/magtechs.com\/#organization"},"potentialAction":[{"@type":"SearchAction","target":{"@type":"EntryPoint","urlTemplate":"https:\/\/magtechs.com\/?s={search_term_string}"},"query-input":"required name=search_term_string"}],"inLanguage":"fr-FR"},{"@type":"Organization","@id":"https:\/\/magtechs.com\/#organization","name":"MAG Tech Systems","url":"https:\/\/magtechs.com\/","logo":{"@type":"ImageObject","inLanguage":"fr-FR","@id":"https:\/\/magtechs.com\/#\/schema\/logo\/image\/","url":"https:\/\/magtechs.com\/wp-content\/uploads\/2024\/03\/logo-white.png","contentUrl":"https:\/\/magtechs.com\/wp-content\/uploads\/2024\/03\/logo-white.png","width":315,"height":105,"caption":"MAG Tech Systems"},"image":{"@id":"https:\/\/magtechs.com\/#\/schema\/logo\/image\/"}}]}},"_links":{"self":[{"href":"https:\/\/magtechs.com\/fr\/wp-json\/wp\/v2\/pages\/10","targetHints":{"allow":["GET"]}}],"collection":[{"href":"https:\/\/magtechs.com\/fr\/wp-json\/wp\/v2\/pages"}],"about":[{"href":"https:\/\/magtechs.com\/fr\/wp-json\/wp\/v2\/types\/page"}],"author":[{"embeddable":true,"href":"https:\/\/magtechs.com\/fr\/wp-json\/wp\/v2\/users\/2"}],"replies":[{"embeddable":true,"href":"https:\/\/magtechs.com\/fr\/wp-json\/wp\/v2\/comments?post=10"}],"version-history":[{"count":31,"href":"https:\/\/magtechs.com\/fr\/wp-json\/wp\/v2\/pages\/10\/revisions"}],"predecessor-version":[{"id":996,"href":"https:\/\/magtechs.com\/fr\/wp-json\/wp\/v2\/pages\/10\/revisions\/996"}],"wp:attachment":[{"href":"https:\/\/magtechs.com\/fr\/wp-json\/wp\/v2\/media?parent=10"}],"curies":[{"name":"wp","href":"https:\/\/api.w.org\/{rel}","templated":true}]}}